{"id":24556,"date":"2025-08-21T09:53:16","date_gmt":"2025-08-21T09:53:16","guid":{"rendered":"https:\/\/www.proudmarybooking.com\/SHOP\/?post_type=product&#038;p=24556"},"modified":"2025-10-02T21:27:12","modified_gmt":"2025-10-02T21:27:12","slug":"leo-jimenez-concepcion-vip","status":"publish","type":"product","link":"https:\/\/www.proudmarybooking.com\/SHOP\/product\/leo-jimenez-concepcion-vip\/","title":{"rendered":"LEO JIM\u00c9NEZ &#8211; CONCEPCI\u00d3N &#8211; VIP"},"content":{"rendered":"<p>[et_pb_section fb_built=\u00bb1&#8243; _builder_version=\u00bb4.16&#8243; custom_padding=\u00bb0px||||false|false\u00bb global_colors_info=\u00bb{}\u00bb][et_pb_row _builder_version=\u00bb4.16&#8243; background_size=\u00bbinitial\u00bb background_position=\u00bbtop_left\u00bb background_repeat=\u00bbrepeat\u00bb width=\u00bb100%\u00bb custom_padding=\u00bb0px||0px||false|false\u00bb global_colors_info=\u00bb{}\u00bb][et_pb_column type=\u00bb4_4&#8243; _builder_version=\u00bb4.16&#8243; custom_padding=\u00bb|||\u00bb global_colors_info=\u00bb{}\u00bb custom_padding__hover=\u00bb|||\u00bb][et_pb_wc_breadcrumb _builder_version=\u00bb4.16&#8243; global_colors_info=\u00bb{}\u00bb][\/et_pb_wc_breadcrumb][et_pb_wc_cart_notice _builder_version=\u00bb4.20.0&#8243; background_color=\u00bb#E09900&#8243; global_colors_info=\u00bb{}\u00bb][\/et_pb_wc_cart_notice][\/et_pb_column][\/et_pb_row][et_pb_row column_structure=\u00bb1_2,1_2&#8243; _builder_version=\u00bb4.16&#8243; background_size=\u00bbinitial\u00bb background_position=\u00bbtop_left\u00bb background_repeat=\u00bbrepeat\u00bb width=\u00bb100%\u00bb custom_padding=\u00bb0px||||false|false\u00bb global_colors_info=\u00bb{}\u00bb][et_pb_column type=\u00bb1_2&#8243; _builder_version=\u00bb4.16&#8243; custom_padding=\u00bb|||\u00bb global_colors_info=\u00bb{}\u00bb custom_padding__hover=\u00bb|||\u00bb][et_pb_wc_images _builder_version=\u00bb4.16&#8243; global_colors_info=\u00bb{}\u00bb][\/et_pb_wc_images][\/et_pb_column][et_pb_column type=\u00bb1_2&#8243; _builder_version=\u00bb4.16&#8243; custom_padding=\u00bb|||\u00bb global_colors_info=\u00bb{}\u00bb custom_padding__hover=\u00bb|||\u00bb][et_pb_wc_title _builder_version=\u00bb4.16&#8243; global_colors_info=\u00bb{}\u00bb][\/et_pb_wc_title][et_pb_wc_price _builder_version=\u00bb4.20.0&#8243; body_text_color=\u00bb#E09900&#8243; global_colors_info=\u00bb{}\u00bb][\/et_pb_wc_price][et_pb_wc_description _builder_version=\u00bb4.16&#8243; global_colors_info=\u00bb{}\u00bb][\/et_pb_wc_description][et_pb_wc_add_to_cart _builder_version=\u00bb4.20.0&#8243; custom_button=\u00bbon\u00bb button_text_color=\u00bb#E09900&#8243; global_colors_info=\u00bb{}\u00bb][\/et_pb_wc_add_to_cart][et_pb_text _builder_version=\u00bb4.27.0&#8243; _module_preset=\u00bbdefault\u00bb text_text_color=\u00bb#E09900&#8243; hover_enabled=\u00bb0&#8243; global_colors_info=\u00bb{}\u00bb sticky_enabled=\u00bb0&#8243;]<\/p>\n<p><span style=\"color: #000000;\"><strong>&#8211; <span id=\"m_-755239421770386002m_-1775424883961182909gmail-docs-internal-guid-e8023c7a-7fff-d22f-4162-8ebee6c90cae\"><span style=\"font-size: 11pt; color: #222222; background-color: transparent; font-variant-numeric: normal; font-variant-east-asian: normal; font-variant-alternates: normal; vertical-align: baseline;\">Acceso anticipado al recinto, lo que permitir\u00e1 ubicarse, por orden de llegada, en el mejor lugar a su conveniencia + POSTER OFICIAL<\/span><\/span><\/strong><\/span><\/p>\n<p>&nbsp;<\/p>\n<p>[\/et_pb_text][et_pb_text _builder_version=\u00bb4.27.0&#8243; _module_preset=\u00bbdefault\u00bb text_text_color=\u00bb#E09900&#8243; custom_margin=\u00bb-32px|||||\u00bb hover_enabled=\u00bb0&#8243; global_colors_info=\u00bb{}\u00bb sticky_enabled=\u00bb0&#8243;]<\/p>\n<p><strong>DESCARGA TU ENTRADA AL FINAL DEL PEDIDO \u00abDownload\u00bb<\/strong><\/p>\n<p><strong>Soporte: rockafinweb@gmail.com<\/strong><\/p>\n<p>[\/et_pb_text][et_pb_text _builder_version=\u00bb4.27.0&#8243; _module_preset=\u00bbdefault\u00bb global_colors_info=\u00bb{}\u00bb]<\/p>\n<p>&nbsp;<\/p>\n<p><span style=\"font-size: small;\"><em><span style=\"color: #757575;\"><span class=\"a_GcMg font-feature-liga-off font-feature-clig-off font-feature-calt-off text-decoration-none text-strikethrough-none\" style=\"font-weight: 400; font-kerning: none; --ys-xuq: none;\">Entrada v\u00e1lida solo para la fecha, artista y recinto indicados. Cada entrada contiene un c\u00f3digo \u00fanico que permite un solo ingreso. La organizaci\u00f3n podr\u00e1 requerir el correo de confirmaci\u00f3n de compra y\/o documento de identidad para validar el acceso. <\/span><strong><span class=\"a_GcMg font-feature-liga-off font-feature-clig-off font-feature-calt-off text-decoration-none text-strikethrough-none\" style=\"font-kerning: none; --ys-xuq: none; color: #e02b20;\">Evento exclusivo para mayores de 18 a\u00f1os. <\/span><\/strong><span class=\"a_GcMg font-feature-liga-off font-feature-clig-off font-feature-calt-off text-decoration-none text-strikethrough-none\" style=\"font-weight: 400; font-kerning: none; --ys-xuq: none;\">Se solicitar\u00e1 c\u00e9dula de identidad o pasaporte vigente. No se permite el ingreso con bebidas, alimentos externos, sustancias ilegales, armas, objetos peligrosos, fuegos artificiales ni c\u00e1maras profesionales sin autorizaci\u00f3n. Las entradas se venden exclusivamente a trav\u00e9s de www.proudmarybooking.com. No se reconocen entradas compradas por v\u00edas no oficiales. En caso de cancelaci\u00f3n del evento, se informar\u00e1 el proceso de devoluci\u00f3n. En caso de reprogramaci\u00f3n por fuerza mayor, la entrada seguir\u00e1 siendo v\u00e1lida para la nueva fecha. Se reserva el derecho de admisi\u00f3n y permanencia. La asistencia al evento implica la autorizaci\u00f3n para el uso de imagen del p\u00fablico en registros audiovisuales con fines promocionales. La organizaci\u00f3n no se responsabiliza por p\u00e9rdidas, robos ni incidentes causados por incumplimiento de estas condiciones. La compra de esta entrada implica la aceptaci\u00f3n total de estos t\u00e9rminos y condiciones.<\/span><\/span><\/em><\/span><\/p>\n<p>[\/et_pb_text][\/et_pb_column][\/et_pb_row][\/et_pb_section]<\/p>\n","protected":false},"excerpt":{"rendered":"<p>&#8211; Acceso anticipado al recinto, lo que permitir\u00e1 ubicarse, por orden de llegada, en el mejor lugar a su conveniencia + POSTER OFICIAL &nbsp;DESCARGA TU ENTRADA AL FINAL DEL PEDIDO \u00abDownload\u00bb Soporte: rockafinweb@gmail.com&nbsp; Entrada v\u00e1lida solo para la fecha, artista y recinto indicados. Cada entrada contiene un c\u00f3digo \u00fanico que permite un solo ingreso. La [&hellip;]<\/p>\n","protected":false},"featured_media":24557,"template":"","meta":{"_et_pb_use_builder":"on","_et_pb_old_content":"","_et_gb_content_width":""},"product_cat":[35],"product_tag":[],"class_list":{"0":"post-24556","1":"product","2":"type-product","3":"status-publish","4":"has-post-thumbnail","6":"product_cat-leo-jimenez-chile-2025","8":"first","9":"outofstock","10":"shipping-taxable","11":"purchasable","12":"product-type-simple"},"_links":{"self":[{"href":"https:\/\/www.proudmarybooking.com\/SHOP\/wp-json\/wp\/v2\/product\/24556"}],"collection":[{"href":"https:\/\/www.proudmarybooking.com\/SHOP\/wp-json\/wp\/v2\/product"}],"about":[{"href":"https:\/\/www.proudmarybooking.com\/SHOP\/wp-json\/wp\/v2\/types\/product"}],"wp:featuredmedia":[{"embeddable":true,"href":"https:\/\/www.proudmarybooking.com\/SHOP\/wp-json\/wp\/v2\/media\/24557"}],"wp:attachment":[{"href":"https:\/\/www.proudmarybooking.com\/SHOP\/wp-json\/wp\/v2\/media?parent=24556"}],"wp:term":[{"taxonomy":"product_cat","embeddable":true,"href":"https:\/\/www.proudmarybooking.com\/SHOP\/wp-json\/wp\/v2\/product_cat?post=24556"},{"taxonomy":"product_tag","embeddable":true,"href":"https:\/\/www.proudmarybooking.com\/SHOP\/wp-json\/wp\/v2\/product_tag?post=24556"}],"curies":[{"name":"wp","href":"https:\/\/api.w.org\/{rel}","templated":true}]}}